{"id":1683,"date":"2022-05-31T14:41:02","date_gmt":"2022-05-31T14:41:02","guid":{"rendered":"https:\/\/villasterpazzi.com\/politika-rezervacije-i-otkazivanja\/"},"modified":"2023-04-29T13:28:32","modified_gmt":"2023-04-29T13:28:32","slug":"politika-rezervacije-i-otkazivanja","status":"publish","type":"page","link":"https:\/\/villa-sterpazzi.com\/hr\/politika-rezervacije-i-otkazivanja\/","title":{"rendered":"Politika rezervacije i otkazivanja"},"content":{"rendered":"\n<h5 class=\"wp-block-heading\">Villa Sterpazzi s pogledom na more, bazenom i jacuzzijem<\/h5>\n\n\n\n<p><strong>4 spava\u0107e sobe, 5 kupaonica, jacuzzi, sauna, grijani privatni bazen, ro\u0161tilj i pogled na more!<\/strong><\/p>\n\n\n\n<p>U\u017eivajte u odmoru iz snova u Villi Sterpazzi, samo 8 minuta vo\u017enje automobilom od pla\u017ee u Pore\u010du. Vila je izgra\u0111ena 2016. godine i sagra\u0111ena je od kamena na tradicionalan istarski na\u010din.<\/p>\n\n\n\n<p>Villa Sterpazzi ima \u010detiri elegantno ure\u0111ene spava\u0107e sobe. Sve spava\u0107e sobe su prostrane i opremljene elegantnim namje\u0161tajem i imaju vlastitu kupaonicu, LCD flat screen Smart TV, bra\u010dni krevet (200 x 210 cm), klima ure\u0111aj i terasu s pogledom na more. Cijela vila ima WiFi internet i podno grijanje. Potpuno opremljena kuhinja izlazi na blagovaonicu i udoban dnevni boravak. Ova svijetla soba je otvorenog tipa, tako da gosti mogu u\u017eivati \u200b\u200bu prekrasnom pogledu na vrt i bazen. Bazen se mo\u017ee grijati.*<\/p>\n\n\n\n<p>U Villi Sterpazzi mo\u017eete se opustiti u whirlpoolu (u ku\u0107i), sauni ili neposredno uz vlastiti bazen. U vlastitom vrtu s prostorom za ro\u0161tilj, koji je opremljen visokokvalitetnim le\u017ealjkama, mo\u017eete u\u017eivati \u200b\u200bu prekrasnom i mirisu mediteranskog cvije\u0107a i za\u010dina. U ve\u010dernjim satima, prostrana terasa je prekrasno mjesto za u\u017eivanje u romanti\u010dnim zalascima sunca s pogledom na more!<\/p>\n\n\n\n<p>Prelijepo povijesno naselje Vi\u0161njan udaljeno je samo 500m u kojem se nalaze pekara, izvrsna mesnica, mali supermarket i restorani. Vi\u0161njan je zvjezdano mjesto poznato po astronomskoj zvjezdarnici.<\/p>\n\n\n\n<p><strong>Otkrijte Vilu Sterpazzi!<\/strong><\/p>\n","protected":false},"excerpt":{"rendered":"<p>Villa Sterpazzi s pogledom na more, bazenom i jacuzzijem 4 spava\u0107e sobe, 5 kupaonica, jacuzzi, sauna, grijani privatni bazen, ro\u0161tilj i pogled na more! U\u017eivajte [&hellip;]<\/p>\n","protected":false},"author":1,"featured_media":0,"parent":0,"menu_order":0,"comment_status":"closed","ping_status":"closed","template":"","meta":{"footnotes":""},"class_list":["post-1683","page","type-page","status-publish","hentry"],"yoast_head":"<!-- This site is optimized with the Yoast SEO plugin v27.5 - https:\/\/yoast.com\/product\/yoast-seo-wordpress\/ -->\n<title>Politika rezervacije i otkazivanja - Villa Sterpazzi<\/title>\n<meta name=\"robots\" content=\"index, follow, max-snippet:-1, max-image-preview:large, max-video-preview:-1\" \/>\n<link rel=\"canonical\" href=\"https:\/\/villa-sterpazzi.com\/hr\/politika-rezervacije-i-otkazivanja\/\" \/>\n<meta property=\"og:locale\" content=\"hr_HR\" \/>\n<meta property=\"og:type\" content=\"article\" \/>\n<meta property=\"og:title\" content=\"Politika rezervacije i otkazivanja - Villa Sterpazzi\" \/>\n<meta property=\"og:description\" content=\"Villa Sterpazzi s pogledom na more, bazenom i jacuzzijem 4 spava\u0107e sobe, 5 kupaonica, jacuzzi, sauna, grijani privatni bazen, ro\u0161tilj i pogled na more! U\u017eivajte [&hellip;]\" \/>\n<meta property=\"og:url\" content=\"https:\/\/villa-sterpazzi.com\/hr\/politika-rezervacije-i-otkazivanja\/\" \/>\n<meta property=\"og:site_name\" content=\"Villa Sterpazzi\" \/>\n<meta property=\"article:publisher\" content=\"https:\/\/www.facebook.com\/Vila-Ruinac-Katela-109014171806823\" \/>\n<meta property=\"article:modified_time\" content=\"2023-04-29T13:28:32+00:00\" \/>\n<meta name=\"twitter:card\" content=\"summary_large_image\" \/>\n<meta name=\"twitter:label1\" content=\"Procijenjeno vrijeme \u010ditanja\" \/>\n\t<meta name=\"twitter:data1\" content=\"1 minuta\" \/>\n<script type=\"application\/ld+json\" class=\"yoast-schema-graph\">{\"@context\":\"https:\\\/\\\/schema.org\",\"@graph\":[{\"@type\":\"WebPage\",\"@id\":\"https:\\\/\\\/villa-sterpazzi.com\\\/hr\\\/politika-rezervacije-i-otkazivanja\\\/\",\"url\":\"https:\\\/\\\/villa-sterpazzi.com\\\/hr\\\/politika-rezervacije-i-otkazivanja\\\/\",\"name\":\"Politika rezervacije i otkazivanja - Villa Sterpazzi\",\"isPartOf\":{\"@id\":\"https:\\\/\\\/villa-sterpazzi.com\\\/#website\"},\"datePublished\":\"2022-05-31T14:41:02+00:00\",\"dateModified\":\"2023-04-29T13:28:32+00:00\",\"breadcrumb\":{\"@id\":\"https:\\\/\\\/villa-sterpazzi.com\\\/hr\\\/politika-rezervacije-i-otkazivanja\\\/#breadcrumb\"},\"inLanguage\":\"hr\",\"potentialAction\":[{\"@type\":\"ReadAction\",\"target\":[\"https:\\\/\\\/villa-sterpazzi.com\\\/hr\\\/politika-rezervacije-i-otkazivanja\\\/\"]}]},{\"@type\":\"BreadcrumbList\",\"@id\":\"https:\\\/\\\/villa-sterpazzi.com\\\/hr\\\/politika-rezervacije-i-otkazivanja\\\/#breadcrumb\",\"itemListElement\":[{\"@type\":\"ListItem\",\"position\":1,\"name\":\"Home\",\"item\":\"https:\\\/\\\/villa-sterpazzi.com\\\/hr\\\/\"},{\"@type\":\"ListItem\",\"position\":2,\"name\":\"Politika rezervacije i otkazivanja\"}]},{\"@type\":\"WebSite\",\"@id\":\"https:\\\/\\\/villa-sterpazzi.com\\\/#website\",\"url\":\"https:\\\/\\\/villa-sterpazzi.com\\\/\",\"name\":\"Villa Sterpazzi\",\"description\":\"Accommodation with a private pool, pool view, and a patio\",\"publisher\":{\"@id\":\"https:\\\/\\\/villa-sterpazzi.com\\\/#\\\/schema\\\/person\\\/81289bb552ec3e3f6afd1ff324afc13f\"},\"potentialAction\":[{\"@type\":\"SearchAction\",\"target\":{\"@type\":\"EntryPoint\",\"urlTemplate\":\"https:\\\/\\\/villa-sterpazzi.com\\\/?s={search_term_string}\"},\"query-input\":{\"@type\":\"PropertyValueSpecification\",\"valueRequired\":true,\"valueName\":\"search_term_string\"}}],\"inLanguage\":\"hr\"},{\"@type\":[\"Person\",\"Organization\"],\"@id\":\"https:\\\/\\\/villa-sterpazzi.com\\\/#\\\/schema\\\/person\\\/81289bb552ec3e3f6afd1ff324afc13f\",\"name\":\"admin\",\"image\":{\"@type\":\"ImageObject\",\"inLanguage\":\"hr\",\"@id\":\"https:\\\/\\\/villa-sterpazzi.com\\\/wp-content\\\/uploads\\\/2022\\\/05\\\/cropped-sterpazzi-logo-2.png\",\"url\":\"https:\\\/\\\/villa-sterpazzi.com\\\/wp-content\\\/uploads\\\/2022\\\/05\\\/cropped-sterpazzi-logo-2.png\",\"contentUrl\":\"https:\\\/\\\/villa-sterpazzi.com\\\/wp-content\\\/uploads\\\/2022\\\/05\\\/cropped-sterpazzi-logo-2.png\",\"width\":1731,\"height\":528,\"caption\":\"admin\"},\"logo\":{\"@id\":\"https:\\\/\\\/villa-sterpazzi.com\\\/wp-content\\\/uploads\\\/2022\\\/05\\\/cropped-sterpazzi-logo-2.png\"},\"sameAs\":[\"https:\\\/\\\/villa-sterpazzi.com\",\"https:\\\/\\\/www.facebook.com\\\/Vila-Ruinac-Katela-109014171806823\"]}]}<\/script>\n<!-- \/ Yoast SEO plugin. -->","yoast_head_json":{"title":"Politika rezervacije i otkazivanja - Villa Sterpazzi","robots":{"index":"index","follow":"follow","max-snippet":"max-snippet:-1","max-image-preview":"max-image-preview:large","max-video-preview":"max-video-preview:-1"},"canonical":"https:\/\/villa-sterpazzi.com\/hr\/politika-rezervacije-i-otkazivanja\/","og_locale":"hr_HR","og_type":"article","og_title":"Politika rezervacije i otkazivanja - Villa Sterpazzi","og_description":"Villa Sterpazzi s pogledom na more, bazenom i jacuzzijem 4 spava\u0107e sobe, 5 kupaonica, jacuzzi, sauna, grijani privatni bazen, ro\u0161tilj i pogled na more! U\u017eivajte [&hellip;]","og_url":"https:\/\/villa-sterpazzi.com\/hr\/politika-rezervacije-i-otkazivanja\/","og_site_name":"Villa Sterpazzi","article_publisher":"https:\/\/www.facebook.com\/Vila-Ruinac-Katela-109014171806823","article_modified_time":"2023-04-29T13:28:32+00:00","twitter_card":"summary_large_image","twitter_misc":{"Procijenjeno vrijeme \u010ditanja":"1 minuta"},"schema":{"@context":"https:\/\/schema.org","@graph":[{"@type":"WebPage","@id":"https:\/\/villa-sterpazzi.com\/hr\/politika-rezervacije-i-otkazivanja\/","url":"https:\/\/villa-sterpazzi.com\/hr\/politika-rezervacije-i-otkazivanja\/","name":"Politika rezervacije i otkazivanja - Villa Sterpazzi","isPartOf":{"@id":"https:\/\/villa-sterpazzi.com\/#website"},"datePublished":"2022-05-31T14:41:02+00:00","dateModified":"2023-04-29T13:28:32+00:00","breadcrumb":{"@id":"https:\/\/villa-sterpazzi.com\/hr\/politika-rezervacije-i-otkazivanja\/#breadcrumb"},"inLanguage":"hr","potentialAction":[{"@type":"ReadAction","target":["https:\/\/villa-sterpazzi.com\/hr\/politika-rezervacije-i-otkazivanja\/"]}]},{"@type":"BreadcrumbList","@id":"https:\/\/villa-sterpazzi.com\/hr\/politika-rezervacije-i-otkazivanja\/#breadcrumb","itemListElement":[{"@type":"ListItem","position":1,"name":"Home","item":"https:\/\/villa-sterpazzi.com\/hr\/"},{"@type":"ListItem","position":2,"name":"Politika rezervacije i otkazivanja"}]},{"@type":"WebSite","@id":"https:\/\/villa-sterpazzi.com\/#website","url":"https:\/\/villa-sterpazzi.com\/","name":"Villa Sterpazzi","description":"Accommodation with a private pool, pool view, and a patio","publisher":{"@id":"https:\/\/villa-sterpazzi.com\/#\/schema\/person\/81289bb552ec3e3f6afd1ff324afc13f"},"potentialAction":[{"@type":"SearchAction","target":{"@type":"EntryPoint","urlTemplate":"https:\/\/villa-sterpazzi.com\/?s={search_term_string}"},"query-input":{"@type":"PropertyValueSpecification","valueRequired":true,"valueName":"search_term_string"}}],"inLanguage":"hr"},{"@type":["Person","Organization"],"@id":"https:\/\/villa-sterpazzi.com\/#\/schema\/person\/81289bb552ec3e3f6afd1ff324afc13f","name":"admin","image":{"@type":"ImageObject","inLanguage":"hr","@id":"https:\/\/villa-sterpazzi.com\/wp-content\/uploads\/2022\/05\/cropped-sterpazzi-logo-2.png","url":"https:\/\/villa-sterpazzi.com\/wp-content\/uploads\/2022\/05\/cropped-sterpazzi-logo-2.png","contentUrl":"https:\/\/villa-sterpazzi.com\/wp-content\/uploads\/2022\/05\/cropped-sterpazzi-logo-2.png","width":1731,"height":528,"caption":"admin"},"logo":{"@id":"https:\/\/villa-sterpazzi.com\/wp-content\/uploads\/2022\/05\/cropped-sterpazzi-logo-2.png"},"sameAs":["https:\/\/villa-sterpazzi.com","https:\/\/www.facebook.com\/Vila-Ruinac-Katela-109014171806823"]}]}},"_links":{"self":[{"href":"https:\/\/villa-sterpazzi.com\/hr\/wp-json\/wp\/v2\/pages\/1683","targetHints":{"allow":["GET"]}}],"collection":[{"href":"https:\/\/villa-sterpazzi.com\/hr\/wp-json\/wp\/v2\/pages"}],"about":[{"href":"https:\/\/villa-sterpazzi.com\/hr\/wp-json\/wp\/v2\/types\/page"}],"author":[{"embeddable":true,"href":"https:\/\/villa-sterpazzi.com\/hr\/wp-json\/wp\/v2\/users\/1"}],"replies":[{"embeddable":true,"href":"https:\/\/villa-sterpazzi.com\/hr\/wp-json\/wp\/v2\/comments?post=1683"}],"version-history":[{"count":0,"href":"https:\/\/villa-sterpazzi.com\/hr\/wp-json\/wp\/v2\/pages\/1683\/revisions"}],"wp:attachment":[{"href":"https:\/\/villa-sterpazzi.com\/hr\/wp-json\/wp\/v2\/media?parent=1683"}],"curies":[{"name":"wp","href":"https:\/\/api.w.org\/{rel}","templated":true}]}}