{"id":1675,"date":"2022-05-31T14:41:00","date_gmt":"2022-05-31T14:41:00","guid":{"rendered":"https:\/\/villasterpazzi.com\/politika-privatnosti\/"},"modified":"2022-05-31T14:41:01","modified_gmt":"2022-05-31T14:41:01","slug":"politika-privatnosti","status":"publish","type":"page","link":"https:\/\/villa-sterpazzi.com\/hr\/politika-privatnosti\/","title":{"rendered":"Politika privatnosti"},"content":{"rendered":"\n<h2 class=\"wp-block-heading\">Tko smo mi<\/h2>\n\n<p><strong class=\"privacy-policy-tutorial\">Predlo\u017eeni tekst:<\/strong> Adresa na\u0161e web stranice je: https:\/\/villa-sterpazzi.com.<\/p>\n\n<h2 class=\"wp-block-heading\">Komentari<\/h2>\n\n<p><strong class=\"privacy-policy-tutorial\">Predlo\u017eeni tekst:<\/strong> Kada posjetitelji ostave komentare na stranici, prikupljamo podatke prikazane u obrascu za komentare, kao i IP adresu posjetitelja i niz korisni\u010dkog agenta preglednika kako bismo pomogli u otkrivanju ne\u017eeljene po\u0161te.<\/p>\n\n<p>Anonimizirani niz kreiran iz va\u0161e adrese e-po\u0161te (koji se tako\u0111er naziva hash) mo\u017ee biti dostavljen usluzi Gravatar da provjeri koristite li ga. Politika privatnosti usluge Gravatar dostupna je ovdje: https:\/\/automattic.com\/privacy\/. Nakon odobrenja va\u0161eg komentara, va\u0161a profilna slika je vidljiva javnosti u kontekstu va\u0161eg komentara.<\/p>\n\n<h2 class=\"wp-block-heading\">Mediji<\/h2>\n\n<p><strong class=\"privacy-policy-tutorial\">Predlo\u017eeni tekst:<\/strong> ako prenosite slike na web-mjesto, izbjegavajte u\u010ditavanje slika s uklju\u010denim podacima o lokaciji (EXIF GPS). Posjetitelji web stranice mogu preuzeti i izdvojiti sve podatke o lokaciji iz slika na web stranici.<\/p>\n\n<h2 class=\"wp-block-heading\">Kola\u010di\u0107i<\/h2>\n\n<p><strong class=\"privacy-policy-tutorial\">Predlo\u017eeni tekst:<\/strong> Ako ostavite komentar na na\u0161oj stranici, mo\u017eete se uklju\u010diti u spremanje svog imena, adrese e-po\u0161te i web stranice u kola\u010di\u0107e. Ovo su radi va\u0161e udobnosti, tako da ne morate ponovno ispunjavati svoje podatke kada ostavite drugi komentar. Ovi kola\u010di\u0107i \u0107e trajati godinu dana.<\/p>\n\n<p>Ako posjetite na\u0161u stranicu za prijavu, postavit \u0107emo privremeni kola\u010di\u0107 kako bismo utvrdili prihva\u0107a li va\u0161 preglednik kola\u010di\u0107e. Ovaj kola\u010di\u0107 ne sadr\u017ei osobne podatke i odbacuje se kada zatvorite svoj preglednik.<\/p>\n\n<p>Kada se prijavite, tako\u0111er \u0107emo postaviti nekoliko kola\u010di\u0107a za spremanje va\u0161ih podataka za prijavu i izbora prikaza na zaslonu. Kola\u010di\u0107i za prijavu traju dva dana, a kola\u010di\u0107i opcija zaslona traju godinu dana. Ako odaberete &#8220;Zapamti me&#8221;, va\u0161a \u0107e prijava trajati dva tjedna. Ako se odjavite sa svog ra\u010duna, kola\u010di\u0107i za prijavu bit \u0107e uklonjeni.<\/p>\n\n<p>Ako uredite ili objavite \u010dlanak, dodatni kola\u010di\u0107 bit \u0107e spremljen u va\u0161em pregledniku. Ovaj kola\u010di\u0107 ne uklju\u010duje osobne podatke i jednostavno ozna\u010dava ID objave \u010dlanka koji ste upravo uredili. Istje\u010de nakon 1 dana.<\/p>\n\n<h2 class=\"wp-block-heading\">Ugra\u0111eni sadr\u017eaj s drugih web-mjesta<\/h2>\n\n<p><strong class=\"privacy-policy-tutorial\">Predlo\u017eeni tekst:<\/strong> \u010clanci na ovoj stranici mogu sadr\u017eavati ugra\u0111eni sadr\u017eaj (npr. videozapise, slike, \u010dlanke itd.). Ugra\u0111eni sadr\u017eaj s drugih web stranica pona\u0161a se na potpuno isti na\u010din kao da je posjetitelj posjetio drugu web stranicu.<\/p>\n\n<p>Ove web stranice mogu prikupljati podatke o vama, koristiti kola\u010di\u0107e, ugraditi dodatno pra\u0107enje tre\u0107e strane i pratiti va\u0161u interakciju s tim ugra\u0111enim sadr\u017eajem, uklju\u010duju\u0107i pra\u0107enje va\u0161e interakcije s ugra\u0111enim sadr\u017eajem ako imate ra\u010dun i prijavljeni ste na tu web stranicu.<\/p>\n\n<h2 class=\"wp-block-heading\">S kim dijelimo va\u0161e podatke<\/h2>\n\n<p><strong class=\"privacy-policy-tutorial\">Predlo\u017eeni tekst:<\/strong> Ako zatra\u017eite poni\u0161tavanje lozinke, va\u0161a IP adresa bit \u0107e uklju\u010dena u e-poruku za poni\u0161tavanje.<\/p>\n\n<h2 class=\"wp-block-heading\">Koliko dugo \u010duvamo va\u0161e podatke<\/h2>\n\n<p><strong class=\"privacy-policy-tutorial\">Predlo\u017eeni tekst:<\/strong> ako ostavite komentar, komentar i njegovi metapodaci zadr\u017eavaju se neograni\u010deno. To je tako da mo\u017eemo automatski prepoznati i odobriti sve naknadne komentare umjesto da ih dr\u017eimo u redu za moderiranje.<\/p>\n\n<p>Za korisnike koji se registriraju na na\u0161oj web stranici (ako ih ima), tako\u0111er pohranjujemo osobne podatke koje oni daju u svom korisni\u010dkom profilu. Svi korisnici mogu vidjeti, ure\u0111ivati ili izbrisati svoje osobne podatke u bilo kojem trenutku (osim \u0161to ne mogu promijeniti svoje korisni\u010dko ime). Administratori web-mjesta tako\u0111er mogu vidjeti i ure\u0111ivati te podatke.<\/p>\n\n<h2 class=\"wp-block-heading\">Koja prava imate nad svojim podacima<\/h2>\n\n<p><strong class=\"privacy-policy-tutorial\">Predlo\u017eeni tekst:<\/strong> Ako imate ra\u010dun na ovoj stranici ili ste ostavili komentare, mo\u017eete zatra\u017eiti da dobijete izvezenu datoteku osobnih podataka koje imamo o vama, uklju\u010duju\u0107i sve podatke koje ste nam dostavili. Tako\u0111er mo\u017eete zatra\u017eiti da izbri\u0161emo sve osobne podatke koje imamo o vama. To ne uklju\u010duje podatke koje smo du\u017eni \u010duvati u administrativne, pravne ili sigurnosne svrhe.<\/p>\n\n<h2 class=\"wp-block-heading\">Gdje \u0161aljemo va\u0161e podatke<\/h2>\n\n<p><strong class=\"privacy-policy-tutorial\">Predlo\u017eeni tekst:<\/strong> Komentari posjetitelja mogu se provjeriti putem automatizirane usluge otkrivanja ne\u017eeljene po\u0161te.<\/p>\n","protected":false},"excerpt":{"rendered":"<p>Tko smo mi Predlo\u017eeni tekst: Adresa na\u0161e web stranice je: https:\/\/villa-sterpazzi.com. Komentari Predlo\u017eeni tekst: Kada posjetitelji ostave komentare na stranici, prikupljamo podatke prikazane u obrascu [&hellip;]<\/p>\n","protected":false},"author":1,"featured_media":0,"parent":0,"menu_order":0,"comment_status":"closed","ping_status":"closed","template":"","meta":{"footnotes":""},"class_list":["post-1675","page","type-page","status-publish","hentry"],"yoast_head":"<!-- This site is optimized with the Yoast SEO plugin v27.5 - https:\/\/yoast.com\/product\/yoast-seo-wordpress\/ -->\n<title>Politika privatnosti - Villa Sterpazzi<\/title>\n<meta name=\"robots\" content=\"index, follow, max-snippet:-1, max-image-preview:large, max-video-preview:-1\" \/>\n<link rel=\"canonical\" href=\"https:\/\/villa-sterpazzi.com\/hr\/politika-privatnosti\/\" \/>\n<meta property=\"og:locale\" content=\"hr_HR\" \/>\n<meta property=\"og:type\" content=\"article\" \/>\n<meta property=\"og:title\" content=\"Politika privatnosti - Villa Sterpazzi\" \/>\n<meta property=\"og:description\" content=\"Tko smo mi Predlo\u017eeni tekst: Adresa na\u0161e web stranice je: https:\/\/villa-sterpazzi.com. Komentari Predlo\u017eeni tekst: Kada posjetitelji ostave komentare na stranici, prikupljamo podatke prikazane u obrascu [&hellip;]\" \/>\n<meta property=\"og:url\" content=\"https:\/\/villa-sterpazzi.com\/hr\/politika-privatnosti\/\" \/>\n<meta property=\"og:site_name\" content=\"Villa Sterpazzi\" \/>\n<meta property=\"article:publisher\" content=\"https:\/\/www.facebook.com\/Vila-Ruinac-Katela-109014171806823\" \/>\n<meta property=\"article:modified_time\" content=\"2022-05-31T14:41:01+00:00\" \/>\n<meta name=\"twitter:card\" content=\"summary_large_image\" \/>\n<meta name=\"twitter:label1\" content=\"Procijenjeno vrijeme \u010ditanja\" \/>\n\t<meta name=\"twitter:data1\" content=\"3 minute\" \/>\n<script type=\"application\/ld+json\" class=\"yoast-schema-graph\">{\"@context\":\"https:\\\/\\\/schema.org\",\"@graph\":[{\"@type\":\"WebPage\",\"@id\":\"https:\\\/\\\/villa-sterpazzi.com\\\/hr\\\/politika-privatnosti\\\/\",\"url\":\"https:\\\/\\\/villa-sterpazzi.com\\\/hr\\\/politika-privatnosti\\\/\",\"name\":\"Politika privatnosti - Villa Sterpazzi\",\"isPartOf\":{\"@id\":\"https:\\\/\\\/villa-sterpazzi.com\\\/#website\"},\"datePublished\":\"2022-05-31T14:41:00+00:00\",\"dateModified\":\"2022-05-31T14:41:01+00:00\",\"breadcrumb\":{\"@id\":\"https:\\\/\\\/villa-sterpazzi.com\\\/hr\\\/politika-privatnosti\\\/#breadcrumb\"},\"inLanguage\":\"hr\",\"potentialAction\":[{\"@type\":\"ReadAction\",\"target\":[\"https:\\\/\\\/villa-sterpazzi.com\\\/hr\\\/politika-privatnosti\\\/\"]}]},{\"@type\":\"BreadcrumbList\",\"@id\":\"https:\\\/\\\/villa-sterpazzi.com\\\/hr\\\/politika-privatnosti\\\/#breadcrumb\",\"itemListElement\":[{\"@type\":\"ListItem\",\"position\":1,\"name\":\"Home\",\"item\":\"https:\\\/\\\/villa-sterpazzi.com\\\/hr\\\/\"},{\"@type\":\"ListItem\",\"position\":2,\"name\":\"Politika privatnosti\"}]},{\"@type\":\"WebSite\",\"@id\":\"https:\\\/\\\/villa-sterpazzi.com\\\/#website\",\"url\":\"https:\\\/\\\/villa-sterpazzi.com\\\/\",\"name\":\"Villa Sterpazzi\",\"description\":\"Accommodation with a private pool, pool view, and a patio\",\"publisher\":{\"@id\":\"https:\\\/\\\/villa-sterpazzi.com\\\/#\\\/schema\\\/person\\\/81289bb552ec3e3f6afd1ff324afc13f\"},\"potentialAction\":[{\"@type\":\"SearchAction\",\"target\":{\"@type\":\"EntryPoint\",\"urlTemplate\":\"https:\\\/\\\/villa-sterpazzi.com\\\/?s={search_term_string}\"},\"query-input\":{\"@type\":\"PropertyValueSpecification\",\"valueRequired\":true,\"valueName\":\"search_term_string\"}}],\"inLanguage\":\"hr\"},{\"@type\":[\"Person\",\"Organization\"],\"@id\":\"https:\\\/\\\/villa-sterpazzi.com\\\/#\\\/schema\\\/person\\\/81289bb552ec3e3f6afd1ff324afc13f\",\"name\":\"admin\",\"image\":{\"@type\":\"ImageObject\",\"inLanguage\":\"hr\",\"@id\":\"https:\\\/\\\/villa-sterpazzi.com\\\/wp-content\\\/uploads\\\/2022\\\/05\\\/cropped-sterpazzi-logo-2.png\",\"url\":\"https:\\\/\\\/villa-sterpazzi.com\\\/wp-content\\\/uploads\\\/2022\\\/05\\\/cropped-sterpazzi-logo-2.png\",\"contentUrl\":\"https:\\\/\\\/villa-sterpazzi.com\\\/wp-content\\\/uploads\\\/2022\\\/05\\\/cropped-sterpazzi-logo-2.png\",\"width\":1731,\"height\":528,\"caption\":\"admin\"},\"logo\":{\"@id\":\"https:\\\/\\\/villa-sterpazzi.com\\\/wp-content\\\/uploads\\\/2022\\\/05\\\/cropped-sterpazzi-logo-2.png\"},\"sameAs\":[\"https:\\\/\\\/villa-sterpazzi.com\",\"https:\\\/\\\/www.facebook.com\\\/Vila-Ruinac-Katela-109014171806823\"]}]}<\/script>\n<!-- \/ Yoast SEO plugin. -->","yoast_head_json":{"title":"Politika privatnosti - Villa Sterpazzi","robots":{"index":"index","follow":"follow","max-snippet":"max-snippet:-1","max-image-preview":"max-image-preview:large","max-video-preview":"max-video-preview:-1"},"canonical":"https:\/\/villa-sterpazzi.com\/hr\/politika-privatnosti\/","og_locale":"hr_HR","og_type":"article","og_title":"Politika privatnosti - Villa Sterpazzi","og_description":"Tko smo mi Predlo\u017eeni tekst: Adresa na\u0161e web stranice je: https:\/\/villa-sterpazzi.com. Komentari Predlo\u017eeni tekst: Kada posjetitelji ostave komentare na stranici, prikupljamo podatke prikazane u obrascu [&hellip;]","og_url":"https:\/\/villa-sterpazzi.com\/hr\/politika-privatnosti\/","og_site_name":"Villa Sterpazzi","article_publisher":"https:\/\/www.facebook.com\/Vila-Ruinac-Katela-109014171806823","article_modified_time":"2022-05-31T14:41:01+00:00","twitter_card":"summary_large_image","twitter_misc":{"Procijenjeno vrijeme \u010ditanja":"3 minute"},"schema":{"@context":"https:\/\/schema.org","@graph":[{"@type":"WebPage","@id":"https:\/\/villa-sterpazzi.com\/hr\/politika-privatnosti\/","url":"https:\/\/villa-sterpazzi.com\/hr\/politika-privatnosti\/","name":"Politika privatnosti - Villa Sterpazzi","isPartOf":{"@id":"https:\/\/villa-sterpazzi.com\/#website"},"datePublished":"2022-05-31T14:41:00+00:00","dateModified":"2022-05-31T14:41:01+00:00","breadcrumb":{"@id":"https:\/\/villa-sterpazzi.com\/hr\/politika-privatnosti\/#breadcrumb"},"inLanguage":"hr","potentialAction":[{"@type":"ReadAction","target":["https:\/\/villa-sterpazzi.com\/hr\/politika-privatnosti\/"]}]},{"@type":"BreadcrumbList","@id":"https:\/\/villa-sterpazzi.com\/hr\/politika-privatnosti\/#breadcrumb","itemListElement":[{"@type":"ListItem","position":1,"name":"Home","item":"https:\/\/villa-sterpazzi.com\/hr\/"},{"@type":"ListItem","position":2,"name":"Politika privatnosti"}]},{"@type":"WebSite","@id":"https:\/\/villa-sterpazzi.com\/#website","url":"https:\/\/villa-sterpazzi.com\/","name":"Villa Sterpazzi","description":"Accommodation with a private pool, pool view, and a patio","publisher":{"@id":"https:\/\/villa-sterpazzi.com\/#\/schema\/person\/81289bb552ec3e3f6afd1ff324afc13f"},"potentialAction":[{"@type":"SearchAction","target":{"@type":"EntryPoint","urlTemplate":"https:\/\/villa-sterpazzi.com\/?s={search_term_string}"},"query-input":{"@type":"PropertyValueSpecification","valueRequired":true,"valueName":"search_term_string"}}],"inLanguage":"hr"},{"@type":["Person","Organization"],"@id":"https:\/\/villa-sterpazzi.com\/#\/schema\/person\/81289bb552ec3e3f6afd1ff324afc13f","name":"admin","image":{"@type":"ImageObject","inLanguage":"hr","@id":"https:\/\/villa-sterpazzi.com\/wp-content\/uploads\/2022\/05\/cropped-sterpazzi-logo-2.png","url":"https:\/\/villa-sterpazzi.com\/wp-content\/uploads\/2022\/05\/cropped-sterpazzi-logo-2.png","contentUrl":"https:\/\/villa-sterpazzi.com\/wp-content\/uploads\/2022\/05\/cropped-sterpazzi-logo-2.png","width":1731,"height":528,"caption":"admin"},"logo":{"@id":"https:\/\/villa-sterpazzi.com\/wp-content\/uploads\/2022\/05\/cropped-sterpazzi-logo-2.png"},"sameAs":["https:\/\/villa-sterpazzi.com","https:\/\/www.facebook.com\/Vila-Ruinac-Katela-109014171806823"]}]}},"_links":{"self":[{"href":"https:\/\/villa-sterpazzi.com\/hr\/wp-json\/wp\/v2\/pages\/1675","targetHints":{"allow":["GET"]}}],"collection":[{"href":"https:\/\/villa-sterpazzi.com\/hr\/wp-json\/wp\/v2\/pages"}],"about":[{"href":"https:\/\/villa-sterpazzi.com\/hr\/wp-json\/wp\/v2\/types\/page"}],"author":[{"embeddable":true,"href":"https:\/\/villa-sterpazzi.com\/hr\/wp-json\/wp\/v2\/users\/1"}],"replies":[{"embeddable":true,"href":"https:\/\/villa-sterpazzi.com\/hr\/wp-json\/wp\/v2\/comments?post=1675"}],"version-history":[{"count":0,"href":"https:\/\/villa-sterpazzi.com\/hr\/wp-json\/wp\/v2\/pages\/1675\/revisions"}],"wp:attachment":[{"href":"https:\/\/villa-sterpazzi.com\/hr\/wp-json\/wp\/v2\/media?parent=1675"}],"curies":[{"name":"wp","href":"https:\/\/api.w.org\/{rel}","templated":true}]}}