{"id":1699,"date":"2022-05-31T14:41:06","date_gmt":"2022-05-31T14:41:06","guid":{"rendered":"https:\/\/villasterpazzi.com\/reservierungs-und-stornierungsbedingungen\/"},"modified":"2023-04-29T13:29:52","modified_gmt":"2023-04-29T13:29:52","slug":"reservierungs-und-stornierungsbedingungen","status":"publish","type":"page","link":"https:\/\/villa-sterpazzi.com\/de\/reservierungs-und-stornierungsbedingungen\/","title":{"rendered":"Reservierungs- und Stornierungsbedingungen"},"content":{"rendered":"\n<h5 class=\"wp-block-heading\">Villa Sterpazzi mit Meerblick, Pool und Jacuzzi<\/h5>\n\n\n\n<p><strong>4 Schlafzimmer, 5 Badezimmer, Whirlpool, Sauna, beheizter privater Pool, Grill und Meerblick!<\/strong><\/p>\n\n\n\n<p>Geniessen Sie Ihren Traumurlaub in der Villa Sterpazzi, nur 8 Autominuten vom Strand in Porec entfernt. Die Villa wurde 2016 erbaut und auf traditionelle istrische Weise aus Stein gebaut.<\/p>\n\n\n\n<p>Villa Sterpazzi hat vier elegant eingerichtete Schlafzimmer. Alle Schlafzimmer sind ger\u00e4umig und mit eleganten M\u00f6beln ausgestattet und verf\u00fcgen \u00fcber ein eigenes Bad, einen LCD-Flachbild-Smart-TV, ein Kingsize-Bett (200 x 210 cm), eine Klimaanlage und eine Terrasse mit Meerblick. Die ganze Villa verf\u00fcgt \u00fcber WiFi Internet und Fu\u00dfbodenheizung. Die voll ausgestattete K\u00fcche \u00f6ffnet sich zum Essbereich und zum gem\u00fctlichen Wohnzimmer. Dieser helle Raum ist offen, so dass die G\u00e4ste einen wunderbaren Blick in den Garten und auf das Schwimmbad geniessen k\u00f6nnen. Pool kann beheizt werden.*<\/p>\n\n\n\n<p>In der Villa Sterpazzi k\u00f6nnen Sie im Whirlpool (im Haus) oder direkt am eigenen Pool entspannen und abschalten. Im hauseigenen Garten mit einem Grillplatz, welcher mit hochwertigen Liegen ausgestattet ist, k\u00f6nnen Sie die wundersch\u00f6nen und den Duft mediterraner Blumen und Gew\u00fcrze geniessen. Abends ist der grossz\u00fcgige Terrassenbereich ein wunderbarer Ort, um romantische Sonnenunterg\u00e4nge mit Blick aufs Meer zu geniessen!<\/p>\n\n\n\n<p>Das wundersch\u00f6ne historische Dorf Visnjan liegt nur 500 m entfernt, wo Sie eine B\u00e4ckerei, einen ausgezeichneten Metzger, einen kleinen Supermarkt und Restaurants finden. Visnjan ist ein sternengebundener Ort, ber\u00fchmt f\u00fcr ein astronomisches Observatorium.<\/p>\n\n\n\n<p><strong>Entdecken Sie die Villa Sterpazzi!<\/strong><\/p>\n","protected":false},"excerpt":{"rendered":"<p>Villa Sterpazzi mit Meerblick, Pool und Jacuzzi 4 Schlafzimmer, 5 Badezimmer, Whirlpool, Sauna, beheizter privater Pool, Grill und Meerblick! Geniessen Sie Ihren Traumurlaub in der [&hellip;]<\/p>\n","protected":false},"author":1,"featured_media":0,"parent":0,"menu_order":0,"comment_status":"closed","ping_status":"closed","template":"","meta":{"footnotes":""},"class_list":["post-1699","page","type-page","status-publish","hentry"],"yoast_head":"<!-- This site is optimized with the Yoast SEO plugin v27.5 - https:\/\/yoast.com\/product\/yoast-seo-wordpress\/ -->\n<title>Reservierungs- und Stornierungsbedingungen - Villa Sterpazzi<\/title>\n<meta name=\"robots\" content=\"index, follow, max-snippet:-1, max-image-preview:large, max-video-preview:-1\" \/>\n<link rel=\"canonical\" href=\"https:\/\/villa-sterpazzi.com\/de\/reservierungs-und-stornierungsbedingungen\/\" \/>\n<meta property=\"og:locale\" content=\"de_DE\" \/>\n<meta property=\"og:type\" content=\"article\" \/>\n<meta property=\"og:title\" content=\"Reservierungs- und Stornierungsbedingungen - Villa Sterpazzi\" \/>\n<meta property=\"og:description\" content=\"Villa Sterpazzi mit Meerblick, Pool und Jacuzzi 4 Schlafzimmer, 5 Badezimmer, Whirlpool, Sauna, beheizter privater Pool, Grill und Meerblick! Geniessen Sie Ihren Traumurlaub in der [&hellip;]\" \/>\n<meta property=\"og:url\" content=\"https:\/\/villa-sterpazzi.com\/de\/reservierungs-und-stornierungsbedingungen\/\" \/>\n<meta property=\"og:site_name\" content=\"Villa Sterpazzi\" \/>\n<meta property=\"article:publisher\" content=\"https:\/\/www.facebook.com\/Vila-Ruinac-Katela-109014171806823\" \/>\n<meta property=\"article:modified_time\" content=\"2023-04-29T13:29:52+00:00\" \/>\n<meta name=\"twitter:card\" content=\"summary_large_image\" \/>\n<meta name=\"twitter:label1\" content=\"Gesch\u00e4tzte Lesezeit\" \/>\n\t<meta name=\"twitter:data1\" content=\"1\u00a0Minute\" \/>\n<script type=\"application\/ld+json\" class=\"yoast-schema-graph\">{\"@context\":\"https:\\\/\\\/schema.org\",\"@graph\":[{\"@type\":\"WebPage\",\"@id\":\"https:\\\/\\\/villa-sterpazzi.com\\\/de\\\/reservierungs-und-stornierungsbedingungen\\\/\",\"url\":\"https:\\\/\\\/villa-sterpazzi.com\\\/de\\\/reservierungs-und-stornierungsbedingungen\\\/\",\"name\":\"Reservierungs- und Stornierungsbedingungen - Villa Sterpazzi\",\"isPartOf\":{\"@id\":\"https:\\\/\\\/villa-sterpazzi.com\\\/#website\"},\"datePublished\":\"2022-05-31T14:41:06+00:00\",\"dateModified\":\"2023-04-29T13:29:52+00:00\",\"breadcrumb\":{\"@id\":\"https:\\\/\\\/villa-sterpazzi.com\\\/de\\\/reservierungs-und-stornierungsbedingungen\\\/#breadcrumb\"},\"inLanguage\":\"de\",\"potentialAction\":[{\"@type\":\"ReadAction\",\"target\":[\"https:\\\/\\\/villa-sterpazzi.com\\\/de\\\/reservierungs-und-stornierungsbedingungen\\\/\"]}]},{\"@type\":\"BreadcrumbList\",\"@id\":\"https:\\\/\\\/villa-sterpazzi.com\\\/de\\\/reservierungs-und-stornierungsbedingungen\\\/#breadcrumb\",\"itemListElement\":[{\"@type\":\"ListItem\",\"position\":1,\"name\":\"Home\",\"item\":\"https:\\\/\\\/villa-sterpazzi.com\\\/de\\\/\"},{\"@type\":\"ListItem\",\"position\":2,\"name\":\"Reservierungs- und Stornierungsbedingungen\"}]},{\"@type\":\"WebSite\",\"@id\":\"https:\\\/\\\/villa-sterpazzi.com\\\/#website\",\"url\":\"https:\\\/\\\/villa-sterpazzi.com\\\/\",\"name\":\"Villa Sterpazzi\",\"description\":\"Accommodation with a private pool, pool view, and a patio\",\"publisher\":{\"@id\":\"https:\\\/\\\/villa-sterpazzi.com\\\/#\\\/schema\\\/person\\\/81289bb552ec3e3f6afd1ff324afc13f\"},\"potentialAction\":[{\"@type\":\"SearchAction\",\"target\":{\"@type\":\"EntryPoint\",\"urlTemplate\":\"https:\\\/\\\/villa-sterpazzi.com\\\/?s={search_term_string}\"},\"query-input\":{\"@type\":\"PropertyValueSpecification\",\"valueRequired\":true,\"valueName\":\"search_term_string\"}}],\"inLanguage\":\"de\"},{\"@type\":[\"Person\",\"Organization\"],\"@id\":\"https:\\\/\\\/villa-sterpazzi.com\\\/#\\\/schema\\\/person\\\/81289bb552ec3e3f6afd1ff324afc13f\",\"name\":\"admin\",\"image\":{\"@type\":\"ImageObject\",\"inLanguage\":\"de\",\"@id\":\"https:\\\/\\\/villa-sterpazzi.com\\\/wp-content\\\/uploads\\\/2022\\\/05\\\/cropped-sterpazzi-logo-2.png\",\"url\":\"https:\\\/\\\/villa-sterpazzi.com\\\/wp-content\\\/uploads\\\/2022\\\/05\\\/cropped-sterpazzi-logo-2.png\",\"contentUrl\":\"https:\\\/\\\/villa-sterpazzi.com\\\/wp-content\\\/uploads\\\/2022\\\/05\\\/cropped-sterpazzi-logo-2.png\",\"width\":1731,\"height\":528,\"caption\":\"admin\"},\"logo\":{\"@id\":\"https:\\\/\\\/villa-sterpazzi.com\\\/wp-content\\\/uploads\\\/2022\\\/05\\\/cropped-sterpazzi-logo-2.png\"},\"sameAs\":[\"https:\\\/\\\/villa-sterpazzi.com\",\"https:\\\/\\\/www.facebook.com\\\/Vila-Ruinac-Katela-109014171806823\"]}]}<\/script>\n<!-- \/ Yoast SEO plugin. -->","yoast_head_json":{"title":"Reservierungs- und Stornierungsbedingungen - Villa Sterpazzi","robots":{"index":"index","follow":"follow","max-snippet":"max-snippet:-1","max-image-preview":"max-image-preview:large","max-video-preview":"max-video-preview:-1"},"canonical":"https:\/\/villa-sterpazzi.com\/de\/reservierungs-und-stornierungsbedingungen\/","og_locale":"de_DE","og_type":"article","og_title":"Reservierungs- und Stornierungsbedingungen - Villa Sterpazzi","og_description":"Villa Sterpazzi mit Meerblick, Pool und Jacuzzi 4 Schlafzimmer, 5 Badezimmer, Whirlpool, Sauna, beheizter privater Pool, Grill und Meerblick! Geniessen Sie Ihren Traumurlaub in der [&hellip;]","og_url":"https:\/\/villa-sterpazzi.com\/de\/reservierungs-und-stornierungsbedingungen\/","og_site_name":"Villa Sterpazzi","article_publisher":"https:\/\/www.facebook.com\/Vila-Ruinac-Katela-109014171806823","article_modified_time":"2023-04-29T13:29:52+00:00","twitter_card":"summary_large_image","twitter_misc":{"Gesch\u00e4tzte Lesezeit":"1\u00a0Minute"},"schema":{"@context":"https:\/\/schema.org","@graph":[{"@type":"WebPage","@id":"https:\/\/villa-sterpazzi.com\/de\/reservierungs-und-stornierungsbedingungen\/","url":"https:\/\/villa-sterpazzi.com\/de\/reservierungs-und-stornierungsbedingungen\/","name":"Reservierungs- und Stornierungsbedingungen - Villa Sterpazzi","isPartOf":{"@id":"https:\/\/villa-sterpazzi.com\/#website"},"datePublished":"2022-05-31T14:41:06+00:00","dateModified":"2023-04-29T13:29:52+00:00","breadcrumb":{"@id":"https:\/\/villa-sterpazzi.com\/de\/reservierungs-und-stornierungsbedingungen\/#breadcrumb"},"inLanguage":"de","potentialAction":[{"@type":"ReadAction","target":["https:\/\/villa-sterpazzi.com\/de\/reservierungs-und-stornierungsbedingungen\/"]}]},{"@type":"BreadcrumbList","@id":"https:\/\/villa-sterpazzi.com\/de\/reservierungs-und-stornierungsbedingungen\/#breadcrumb","itemListElement":[{"@type":"ListItem","position":1,"name":"Home","item":"https:\/\/villa-sterpazzi.com\/de\/"},{"@type":"ListItem","position":2,"name":"Reservierungs- und Stornierungsbedingungen"}]},{"@type":"WebSite","@id":"https:\/\/villa-sterpazzi.com\/#website","url":"https:\/\/villa-sterpazzi.com\/","name":"Villa Sterpazzi","description":"Accommodation with a private pool, pool view, and a patio","publisher":{"@id":"https:\/\/villa-sterpazzi.com\/#\/schema\/person\/81289bb552ec3e3f6afd1ff324afc13f"},"potentialAction":[{"@type":"SearchAction","target":{"@type":"EntryPoint","urlTemplate":"https:\/\/villa-sterpazzi.com\/?s={search_term_string}"},"query-input":{"@type":"PropertyValueSpecification","valueRequired":true,"valueName":"search_term_string"}}],"inLanguage":"de"},{"@type":["Person","Organization"],"@id":"https:\/\/villa-sterpazzi.com\/#\/schema\/person\/81289bb552ec3e3f6afd1ff324afc13f","name":"admin","image":{"@type":"ImageObject","inLanguage":"de","@id":"https:\/\/villa-sterpazzi.com\/wp-content\/uploads\/2022\/05\/cropped-sterpazzi-logo-2.png","url":"https:\/\/villa-sterpazzi.com\/wp-content\/uploads\/2022\/05\/cropped-sterpazzi-logo-2.png","contentUrl":"https:\/\/villa-sterpazzi.com\/wp-content\/uploads\/2022\/05\/cropped-sterpazzi-logo-2.png","width":1731,"height":528,"caption":"admin"},"logo":{"@id":"https:\/\/villa-sterpazzi.com\/wp-content\/uploads\/2022\/05\/cropped-sterpazzi-logo-2.png"},"sameAs":["https:\/\/villa-sterpazzi.com","https:\/\/www.facebook.com\/Vila-Ruinac-Katela-109014171806823"]}]}},"_links":{"self":[{"href":"https:\/\/villa-sterpazzi.com\/de\/wp-json\/wp\/v2\/pages\/1699","targetHints":{"allow":["GET"]}}],"collection":[{"href":"https:\/\/villa-sterpazzi.com\/de\/wp-json\/wp\/v2\/pages"}],"about":[{"href":"https:\/\/villa-sterpazzi.com\/de\/wp-json\/wp\/v2\/types\/page"}],"author":[{"embeddable":true,"href":"https:\/\/villa-sterpazzi.com\/de\/wp-json\/wp\/v2\/users\/1"}],"replies":[{"embeddable":true,"href":"https:\/\/villa-sterpazzi.com\/de\/wp-json\/wp\/v2\/comments?post=1699"}],"version-history":[{"count":0,"href":"https:\/\/villa-sterpazzi.com\/de\/wp-json\/wp\/v2\/pages\/1699\/revisions"}],"wp:attachment":[{"href":"https:\/\/villa-sterpazzi.com\/de\/wp-json\/wp\/v2\/media?parent=1699"}],"curies":[{"name":"wp","href":"https:\/\/api.w.org\/{rel}","templated":true}]}}